{"id":228,"date":"2017-06-04T19:18:59","date_gmt":"2017-06-04T18:18:59","guid":{"rendered":"http:\/\/koleg.io\/si\/?page_id=228"},"modified":"2019-08-26T11:40:42","modified_gmt":"2019-08-26T10:40:42","slug":"pogoji-uporabe","status":"publish","type":"page","link":"https:\/\/koleg.io\/si\/pogoji-uporabe\/","title":{"rendered":"Pogoji uporabe"},"content":{"rendered":"<p>&nbsp;<\/p>\n<p>&nbsp;<\/p>\n<p><strong>POGOJI UPORABE KOLEGIO SPLETNE STRANI<\/strong><\/p>\n<p>Podjetje\u00a0kolegio d.o.o.\u00a0vam\u00a0omogo\u010da\u00a0uporabo storitev in vsebin,\u00a0ki jih\u00a0ureja\u00a0www.koleg.io\/si pod temi pogoji.\u00a0Upo\u0161teva se, da so uporabniki\u00a0www.koleg.io\/si\/si spletne strani\u00a0in vseh povezanih spletnih mest in storitev, ki pripadajo domeni\u00a0koleg.io\/si,\u00a0 vedno seznanjeni s temi pogoji uporabe in jih v celoti razumejo in sprejemajo.<\/p>\n<p>Prav tako si oglejte na\u0161o <a href=\"https:\/\/koleg.io\/si\/politika-zasebnosti\/\">politiko zasebnosti<\/a>, ki vsebuje na\u0161e obveznosti\u00a0do\u00a0ravnanja z va\u0161imi osebnimi podatki.<\/p>\n<p>&nbsp;<\/p>\n<p><strong>SPREJEMANJE\u00a0POGOJEV\u00a0UPORABE<\/strong><\/p>\n<p>Podjetje\u00a0kolegio\u00a0d.o.o.\u00a0, iz Hrva\u0161ke (\u00a0Zagreb,\u00a0Vo\u0107arska\u00a0cesta\u00a020 ), je lastnik\u00a0in upravlja\u00a0to spletne stran,\u00a0do katere ima uporabnik dostop\u00a0v skladu s temi pogoji uporabe.<\/p>\n<p>Prosimo, da pred uporabo te\u00a0spletne strani\u00a0POZORNO PREBERETE NASLEDNJE\u00a0POGOJE UPORABE.\u00a0Z UPORABO TEGA SPLETNEGA MESTA ALI UPORABO KAKR\u0160NEGA DELA TE\u00a0SPLETNE STRANI\u00a0, NJENE VSEBINE ALI STORITVE SE STRINJATE S TEMI POGOJI UPORABE IN POVEZANIMI OBVEZNOSTMI.\u00a0\u010ce se ne strinjate z vsemi pogoji UPORABE, NE MORATE UPORABLJATI\u00a0NOBENIH\u00a0STORITEV\u00a0 TE STRANI.<\/p>\n<p>&nbsp;<\/p>\n<p><strong>SPREMEMBE V POGOJIH UPORABE<\/strong><\/p>\n<p>Podjetje\u00a0kolegio\u00a0d.o.o.\u00a0si pridr\u017euje pravico do spremembe, zamenjave ali ukinitve videza, vsebine in pogojev uporabe\u00a0spletnega mesta\u00a0<a href=\"https:\/\/translate.google.com\/translate?hl=en&amp;prev=_t&amp;sl=en&amp;tl=sl&amp;u=http:\/\/www.koleg.io\">www.koleg.io\/si<\/a>\u00a0ter vseh storitev in podstrani, ki so sestavni del\u00a0spletne strani koleg.io\/si\/si, brez predhodnega obvestila.<\/p>\n<p>\u010ce je sprememba tak\u0161na, da se lahko \u0161teje za bistveno, bo\u00a0kolegio d.o.o. uporabnike obvestil\u00a0po e-po\u0161ti\u00a0.\u00a0Podjetje\u00a0kolegio\u00a0d.o.o.\u00a0\u00a0ima\u00a0diskrecijsko pravico, da oceni, kaj se \u0161teje za temeljno spremembo, in bo delovalo v dobri veri in skrbjo dobrega poslovne\u017ea.\u00a0Va\u0161a odgovornost je, da se seznanite s takimi spremembami.\u00a0Ponovna uporaba vsebine in storitev na tej strani po razkritju bistvenih sprememb se \u0161teje kot va\u0161e soglasje.<\/p>\n<p>&nbsp;<\/p>\n<p><strong>VSEBINA IN STORITVE<\/strong><\/p>\n<p>Pod pogojem, da uporabnik v celoti sprejme te pogoje,\u00a0kolegio\u00a0d.o.o.\u00a0omogo\u010da\u00a0uporabniku,\u00a0da uporabi dolo\u010dene vsebine in storitve, podrobneje opisane na sami strani.<\/p>\n<p>S sprejemom teh pogojev se uporabnik strinja, da vsebina in storitve\u00a0www.koleg.io\/si\u00a0spletne strani vsebuje oglase, obvestila, administratorska in podobna sporo\u010dila, ki so potrebna za redno obve\u0161\u010danje obiskovalca\/uporabnika\u00a0spletne strani\u00a0in normalno delovanje vseh storitev in vsebine\u00a0koleg.io\/si\u00a0spletne strani.<\/p>\n<p>Podjetje\u00a0kolegio\u00a0d.o.o.\u00a0si pridr\u017euje pravico, da kadar koli in iz kakr\u0161nega koli razloga brez predhodnega obvestila spremeni, za\u010dasno prekine, odlo\u017ei in prekine prikaz ali zagotavljanje katere koli vsebine, storitev in\/ali spletnih strani.\u00a0Podjetje\u00a0kolegio\u00a0d.o.o.\u00a0ima prav tako pravico, da brez predhodnega obvestila omeji dostop do dolo\u010denih storitev, vsebin in njihovih delov.<\/p>\n<p>&nbsp;<\/p>\n<p><strong>REGISTRACIJA UPORABNIKA<\/strong><\/p>\n<p>V postopku registracije je uporabnik dol\u017ean zagotoviti pravilne, popolne in veljavne informacije, potrebne za registracijo.\u00a0V nasprotnem primeru se \u0161teje, da je kr\u0161il te pogoje uporabe in lahko povzro\u010di takoj\u0161nje zaprtje uporabni\u0161kega ra\u010duna.<\/p>\n<p>Podjetje\u00a0kolegio\u00a0d.o.o.\u00a0si pridr\u017euje pravico, da brez predhodnega obvestila in\/ali pojasnila zavrne registracijo, ter, da odpravi ali zavrne dostop do ra\u010duna in\/ali ene ali ve\u010d storitev, za katere je uporabnik registriran.<\/p>\n<p>Uporabnik je dol\u017ean obdr\u017eati podatke o svojem ra\u010dunu in je v celoti odgovoren za kakr\u0161no koli \u0161kodo, ki jo povzro\u010di nepoobla\u0161\u010dena uporaba\u00a0njihovega\u00a0ra\u010duna in za vse vsebine, objavljene pod\u00a0njegovim uporabni\u0161kim imenom.<\/p>\n<p>S kon\u010dano registracijo, uporabnik sprejema odgovornost za vse aktivnosti, ki jih\u00a0povzro\u010da njegova\u00a0uporaba\u00a0koleg.io\/si\u00a0spletne strani.<\/p>\n<p>&nbsp;<\/p>\n<p><strong>OBNA\u0160ANJE UPORABNIKOV<\/strong><\/p>\n<p>Pogoj za uporabo je strinjanje, da ne boste uporabljali vsebine in\/ali storitev\u00a0koleg.io\/si\u00a0spletne strani\u00a0na na\u010din, ki je nezakonit in\/ali v nasprotju s pogoji uporabe ali za namene, ki niso predvideni s strani\u00a0koleg.io\/si.<\/p>\n<p>Uporabnik se strinja zlasti, da\u00a0ne\u00a0bo uporabljal vsebin in storitev\u00a0koleg.io\/si\u00a0spletne strani za:<\/p>\n<ul>\n<li>ravnanje, ki bi pretirano in nesorazmerno obremenilo infrastrukturoio\u00a0spletne strani\u00a0in\/ali ki bi posegala oziroma posku\u0161ala posegati v delovanje\u00a0spletno strani koleg.io\/si\u00a0in\/ali se izogibalo ukrepom za\u0161\u010dite ali omejitvi dostopa do\u00a0koleg.io\/si\u00a0spletne strani;<\/li>\n<li>prodajoali transfe\u00a0svoje\u00a0kode drugim.<\/li>\n<\/ul>\n<p>Imamo pravico onemogo\u010diti kode vsakega uporabnika ali uporabni\u0161ki profil kadar koli, \u010de uporabnik ne izpolnjuje katerega koli od pogojev.<\/p>\n<p>&nbsp;<\/p>\n<p><strong>AVTORSKE PRAVICE<\/strong><\/p>\n<p>Vsebina in storitve koleg.io\/si\u00a0spletne strani\u00a0so za\u0161\u010ditene z avtorskimi pravicami.\u00a0Ne smejo se reproducirati, distribuirati na kakr\u0161en koli na\u010din v komercialne namene brez predhodnega izrecnega pisnega soglasja kolegio\u00a0d.o.o.\u00a0, niti na kakr\u0161en koli na\u010din, ki bi lahko \u0161kodoval\u00a0kolegio\u00a0d.o.o.\u00a0ali kateri koli tretji osebi.<\/p>\n<p>Vsebino in storitve objavljene na\u00a0koleg.io\/si\u00a0spletni strani\u00a0se lahko uporablja samo za individualne potrebe uporabnikov v\u00a0skladu z\u00a0naslednjimi pogoji:<\/p>\n<ul>\n<li>uporabnik uporabljavsebino in storitve na\u00a0lastno\u00a0odgovornost;<\/li>\n<li>uporabnik lahko uporablja vsebino in storitve le z upo\u0161tevanjem avtorskih in sorodnih pravicio\u00a0spletne strani\u00a0in tretjih oseb;<\/li>\n<li>na vseh vsebinah in materialih, kijih\u00a0uporablja\u00a0kolegio d.o.o., morajo biti vidne avtorske pravice, blagovne znamke, logotipi in podobno, \u010de je to mogo\u010de;<\/li>\n<\/ul>\n<ul>\n<li>na vsebini in materialu, ki\u00a0ga\u00a0uporablja\u00a0koleg.io\/si\u00a0spletna stran, \u00a0mora biti viden napis: \u00a0&#8220;Copyright \u00a9 2019.\u00a0Kolegio, Vse pravice pridr\u017eane. &#8220;, \u010de je to mogo\u010de;<\/li>\n<\/ul>\n<ul>\n<li>Vsako brskanje po vsebini in storitvah ali katera koli druga uporaba vsebine in storitev koleg.io\/si spletne strani\u00a0pomeni, da uporabnik sprejema te pogoje.<\/li>\n<\/ul>\n<p>&nbsp;<\/p>\n<p><strong>OD\u0160KODNINA<\/strong><\/p>\n<p>Uporabnik bo povrnil \u0161kodo in ne bo zahteval nadomestila od\u00a0kolegio\u00a0d.o.o., njegovih ustanoviteljev, strank, dobaviteljev opreme in zaposlenih, \u010de \u0161koda izvira iz dostopa uporabnika do koleg.io\/si\u00a0spletne\u00a0strani,\u00a0njegove uporabe vsebin in storitev, kr\u0161enja pogojev uporabe \u2013 z uporabo uporabni\u0161kega ra\u010duna uporabnika ali tretje osebe ali kr\u0161itve pravic intelektualne lastnine, avtorskih in sorodnih pravic.<\/p>\n<p>&nbsp;<\/p>\n<p><strong>OPOZORILO<\/strong><\/p>\n<p>Uporabnik potrjuje njegovo\u00a0soglasje,\u00a0da\u00a0kolegio\u00a0d.o.o.\u00a0nima nadzora ali dol\u017enost, da ukrepa ali prevzema odgovornost, prav \u00a0tako pa ni dol\u017eno ukrepati in biti odgovorna za naslednje dejavnike:<\/p>\n<ul>\n<li>za u\u010dinek, ki ga lahko ima vsebina in storitev koleg.io\/sispletne strani na uporabnike;<\/li>\n<li>za na\u010din, kako si uporabniki razlagajo vsebino in storitve naio\u00a0spletni strani;<\/li>\n<li>za dejanja, ki jih bo uporabnik sprejel ali bi jih lahko sprejel pod vplivom vsebine in storitev, ki so na voljo naio\u00a0spletni strani.<\/li>\n<\/ul>\n<p>S pridobitvijo promocijske kode ali z dostopom oziroma pridobivanju popustov prek na\u0161ega spletnega mesta se strinjate, da je tak\u0161na ponudba ali popust odvisna od pogojev tretjih oseb in da je va\u0161a odgovornost, te pogoje uporabe pred vnosom katere koli transakcije s to tretjo osebo, ustrezno pregledati.<\/p>\n<p>Podatke o vas obravnavamo v skladu z na\u0161o politiko zasebnosti.\u00a0Z uporabo na\u0161e spletne strani se strinjate s tak\u0161no obdelavo in jam\u010dite, da so vse informacije, ki ste jih podali, to\u010dne.<\/p>\n<p>Tretja oseba, Google, uporablja pi\u0161kotke za izvajanje storitve Google Analytics.<\/p>\n<p>&nbsp;<\/p>\n<p><strong>NEVELJAVNOST IN\u00a0VELJAVNO PRAVO<\/strong><\/p>\n<p>\u010ce se ugotovi, da je dolo\u010dba teh pogojev ni\u010dna ali neveljavna, to ne bo vplivalo na uporabo drugih pogojev.<\/p>\n<p>Uporabnik ni poobla\u0161\u010den za uporabo, posredovanje ali nadaljnje licenciranje teh pogojev brez predhodnega pisnega soglasja\u00a0kolegio\u00a0d.o.o.<\/p>\n<p>Podjetje\u00a0kolegio\u00a0d.o.o.\u00a0je poobla\u0161\u010deno za uporabo, prenos ali licenciranje teh pogojev brez predhodnega obvestila.<\/p>\n<p>Za te pogoje veljajo pravni predpisi Republike Hrva\u0161ke, v skladu s katerimi so sestavljeni.<\/p>\n<p>V primeru spora se uporablja veljavna zakonodaja Republike Hrva\u0161ke.<\/p>\n<p>V primeru spora bo primer obravnavalo pristojno sodi\u0161\u010de v Zagrebu.<\/p>\n<p>Zahvaljujemo se vam za uporabo\u00a0koleg.io\/si\u00a0spletne strani.<\/p>\n","protected":false},"excerpt":{"rendered":"<p>&nbsp; &nbsp; POGOJI UPORABE KOLEGIO SPLETNE STRANI Podjetje\u00a0kolegio d.o.o.\u00a0vam\u00a0omogo\u010da\u00a0uporabo storitev in vsebin,\u00a0ki jih\u00a0ureja\u00a0www.koleg.io\/si pod temi pogoji.\u00a0Upo\u0161teva se, da so uporabniki\u00a0www.koleg.io\/si\/si spletne strani\u00a0in vseh povezanih spletnih mest in storitev, ki pripadajo domeni\u00a0koleg.io\/si,\u00a0 vedno seznanjeni s temi pogoji uporabe in jih v celoti razumejo in sprejemajo. Prav tako si oglejte na\u0161o politiko zasebnosti, ki vsebuje na\u0161e obveznosti\u00a0do\u00a0ravnanja z va\u0161imi osebnimi podatki. &nbsp; SPREJEMANJE\u00a0POGOJEV\u00a0UPORABE Podjetje\u00a0kolegio\u00a0d.o.o.\u00a0, iz Hrva\u0161ke (\u00a0Zagreb,\u00a0Vo\u0107arska\u00a0cesta\u00a020 ), je lastnik\u00a0in upravlja\u00a0to spletne stran,\u00a0do katere ima uporabnik dostop\u00a0v [&hellip;]<\/p>\n","protected":false},"author":4,"featured_media":0,"parent":0,"menu_order":0,"comment_status":"closed","ping_status":"closed","template":"","meta":[],"_links":{"self":[{"href":"https:\/\/koleg.io\/si\/wp-json\/wp\/v2\/pages\/228"}],"collection":[{"href":"https:\/\/koleg.io\/si\/wp-json\/wp\/v2\/pages"}],"about":[{"href":"https:\/\/koleg.io\/si\/wp-json\/wp\/v2\/types\/page"}],"author":[{"embeddable":true,"href":"https:\/\/koleg.io\/si\/wp-json\/wp\/v2\/users\/4"}],"replies":[{"embeddable":true,"href":"https:\/\/koleg.io\/si\/wp-json\/wp\/v2\/comments?post=228"}],"version-history":[{"count":6,"href":"https:\/\/koleg.io\/si\/wp-json\/wp\/v2\/pages\/228\/revisions"}],"predecessor-version":[{"id":228981,"href":"https:\/\/koleg.io\/si\/wp-json\/wp\/v2\/pages\/228\/revisions\/228981"}],"wp:attachment":[{"href":"https:\/\/koleg.io\/si\/wp-json\/wp\/v2\/media?parent=228"}],"curies":[{"name":"wp","href":"https:\/\/api.w.org\/{rel}","templated":true}]}}