{"id":564,"date":"2017-10-03T00:57:37","date_gmt":"2017-10-02T23:57:37","guid":{"rendered":"http:\/\/koleg.io\/si\/?page_id=564"},"modified":"2019-08-26T11:44:25","modified_gmt":"2019-08-26T10:44:25","slug":"politika-zasebnosti","status":"publish","type":"page","link":"https:\/\/koleg.io\/si\/politika-zasebnosti\/","title":{"rendered":"Politika zasebnosti"},"content":{"rendered":"<p>&nbsp;<\/p>\n<p>&nbsp;<\/p>\n<p><strong>POLITIKA ZASEBNOSTI<\/strong><\/p>\n<p>Podjetje\u00a0kolegio\u00a0d.o.o.\u00a0potrjuje\u00a0in\u00a0spo\u0161tuje va\u0161o pravico do zaupnosti informacij.\u00a0Nobena zasebna informacija ne bo posredovana tretjim osebam brez va\u0161ega predhodnega dovoljenja.<\/p>\n<p>Za\u00a0nas\u00a0je zelo\u00a0pomembno,\u00a0da razumete, kako\u00a0zbiramo\u00a0in uporabljamo va\u0161e podatke.\u00a0Ta politika zasebnosti zato pojasnjuje na\u0161o prakso spletnih informacij, zbiranje in uporabo\u00a0va\u0161ih\u00a0podatkov, in na\u010dinov, kako lahko stopite v stik z nami.<\/p>\n<p>Va\u0161a uporaba\u00a0koleg.io\/si\u00a0spletne strani pomeni, da se strinjate s to politiko zasebnosti.<\/p>\n<p>&nbsp;<\/p>\n<p><strong>OPREDELITVE<\/strong><\/p>\n<p>Podjetje\u00a0kolegio\u00a0d.o.o.\u00a0zbira\u00a0samo informacije, ki so bistvenega pomena\u00a0za\u00a0delovanje\u00a0njihovih strani.\u00a0Spletna stran koleg.io\/si\u00a0 zbira naslednje podatke:<\/p>\n<p>&#8220;Osebni podatki&#8221; vklju\u010dujejo: ime, priimek, sliko, ime\u00a0ustanove,\u00a0v\u00a0kateri se izobra\u017euje oseba, ki ima status\u00a0\u0161tudenta,\u00a0datum\u00a0prenehanja \u0161tudentskih\u00a0pravic,\u00a0mesto stalnega\u00a0prebivali\u0161\u010da, datum rojstva, va\u0161 e-naslov\u00a0in spol.<\/p>\n<p>&#8220;Osebni podatki, ki ne zajemajo identifikacije&#8221; vklju\u010dujejo informacije o va\u0161em internetnem stre\u017eniku, vrsti spletnega brskalnika, imenu domene, spletnih straneh, do katerih ste dostopali,\u00a0razkritih kodah, znesku nakupov, prodajnih mestih, spletnih trgovinah\u00a0ter\u00a0datumih in \u010dasu unov\u010denja\u00a0kod,\u00a0strani,\u00a0ki so bile obiskane na\u00a0na\u0161i spletni strani.<\/p>\n<p>&nbsp;<\/p>\n<p><strong>UPORABA\u00a0INFORMACIJ<\/strong><\/p>\n<p>Podatke o va\u0161em obisku na\u0161e spletni\u00a0strani, moramo zbrati\u00a0\u0161e\u00a0preden\u00a0na\u0161 bodo\u010di uporabnik opravi\u00a0postopek\u00a0registracije.<\/p>\n<p>Osebne podatke obdelujemo z namenom ustvarjanja skupne statistike, kot je poraba po spolu, \u0161oli,\u00a0starosti\u00a0ali prebivali\u0161\u010du.\u00a0Statisti\u010dna poro\u010dila, ki jih uporablja\u00a0kolegio\u00a0d.o.o.\u00a0in\u00a0njegove\u00a0strank\u00a0slu\u017ei za\u00a0analizo potreb potro\u0161nikov in\u00a0izbolj\u0161anje\u00a0promocije.\u00a0Na\u0161im strankam ne po\u0161iljamo nobenih osebnih podatkov.<\/p>\n<p>Spletna stran koleg.io\/si\u00a0zagotavlja, da bo vse osebne in demografske podatke\u00a0svojih uporabnikov\u00a0hranila zaupno.\u00a0Osebni podatki ne bodo\u00a0posredovani,\u00a0prodani,\u00a0oddani\u00a0in spremenjeni\u00a0brez va\u0161ega dovoljenja.<\/p>\n<p>Spletna stran koleg.io\/si\u00a0je dol\u017ena\u00a0hraniti podatke o svojih uporabnikih, razen v primeru kr\u0161itve pravil\u00a0koleg.io\/si\u00a0spletne strani\u00a0in nezakonite dejavnosti uporabnikov.<\/p>\n<p>&nbsp;<\/p>\n<p><strong>PI\u0160KOTKI<\/strong><\/p>\n<p>Za zagotavljanje bolj\u0161e kakovosti storitev\u00a0uporabljamo\u00a0pi\u0161kotke, saj tako skraj\u0161amo \u010das, potreben za prijavo in\u00a0izbolj\u0161anje\u00a0uporabni\u0161ke izku\u0161nje.\u00a0Pi\u0161kotek je majhen del informacij, poslanih s spletnega stre\u017enika na va\u0161 ra\u010dunalnik.\u00a0Pi\u0161kotke\u00a0uporabljamo\u00a0za dostop do podatkov, ki so \u017ee shranjeni v\u00a0koleg.io\/si\u00a0spletnem\u00a0 mestu,\u00a0 zato da vam jih ni treba ponovno vnesti vsaki\u010d, ko se prijavite.<\/p>\n<p>Tretja oseba, Google, uporablja pi\u0161kotke za zagotavljanje storitve Google Analytics in izbolj\u0161anje ogla\u0161evanja.<\/p>\n<p>&nbsp;<\/p>\n<p><strong>SPREMEMBE POLITIKE ZASEBNOSTI<\/strong><\/p>\n<p>Vsaka sprememba te politike ne bo veljavna, \u010de\u00a0koleg.io\/si\u00a0ne obvesti uporabnikov\u00a0z\u00a0e-po\u0161to.\u00a0Vse spremembe na koleg.io\/si\u00a0spletni strani\u00a0bodo nemudoma stopile v veljavo in nadaljnja uporaba\u00a0na\u0161e\u00a0spletne strani ali ponujenih storitev pomeni sprejemanje pogojev.<\/p>\n<p>&nbsp;<\/p>\n<p><strong>OPOMBA<\/strong><\/p>\n<p>Te spletne strani lahko vsebujejo povezave do drugih spletnih strani.\u00a0Spletna stran koleg.io\/si\u00a0ni odgovorna za vsebino ali politiko zasebnosti teh spletnih mest.\u00a0\u010ce ugotovite, da te spletne strani vodijo do spletnih mest tretjih oseb z neprimerno vsebino ali neugodno politiko zasebnosti, nam to sporo\u010dite in te povezave bomo odstranili.<\/p>\n<p>Zahvaljujemo se vam za uporabo\u00a0koleg.io\/si\u00a0spletne strani!<\/p>\n","protected":false},"excerpt":{"rendered":"<p>&nbsp; &nbsp; POLITIKA ZASEBNOSTI Podjetje\u00a0kolegio\u00a0d.o.o.\u00a0potrjuje\u00a0in\u00a0spo\u0161tuje va\u0161o pravico do zaupnosti informacij.\u00a0Nobena zasebna informacija ne bo posredovana tretjim osebam brez va\u0161ega predhodnega dovoljenja. Za\u00a0nas\u00a0je zelo\u00a0pomembno,\u00a0da razumete, kako\u00a0zbiramo\u00a0in uporabljamo va\u0161e podatke.\u00a0Ta politika zasebnosti zato pojasnjuje na\u0161o prakso spletnih informacij, zbiranje in uporabo\u00a0va\u0161ih\u00a0podatkov, in na\u010dinov, kako lahko stopite v stik z nami. Va\u0161a uporaba\u00a0koleg.io\/si\u00a0spletne strani pomeni, da se strinjate s to politiko zasebnosti. &nbsp; OPREDELITVE Podjetje\u00a0kolegio\u00a0d.o.o.\u00a0zbira\u00a0samo informacije, ki so bistvenega pomena\u00a0za\u00a0delovanje\u00a0njihovih strani.\u00a0Spletna stran koleg.io\/si\u00a0 zbira naslednje podatke: &#8220;Osebni podatki&#8221; [&hellip;]<\/p>\n","protected":false},"author":4,"featured_media":0,"parent":0,"menu_order":0,"comment_status":"closed","ping_status":"closed","template":"","meta":[],"_links":{"self":[{"href":"https:\/\/koleg.io\/si\/wp-json\/wp\/v2\/pages\/564"}],"collection":[{"href":"https:\/\/koleg.io\/si\/wp-json\/wp\/v2\/pages"}],"about":[{"href":"https:\/\/koleg.io\/si\/wp-json\/wp\/v2\/types\/page"}],"author":[{"embeddable":true,"href":"https:\/\/koleg.io\/si\/wp-json\/wp\/v2\/users\/4"}],"replies":[{"embeddable":true,"href":"https:\/\/koleg.io\/si\/wp-json\/wp\/v2\/comments?post=564"}],"version-history":[{"count":5,"href":"https:\/\/koleg.io\/si\/wp-json\/wp\/v2\/pages\/564\/revisions"}],"predecessor-version":[{"id":228983,"href":"https:\/\/koleg.io\/si\/wp-json\/wp\/v2\/pages\/564\/revisions\/228983"}],"wp:attachment":[{"href":"https:\/\/koleg.io\/si\/wp-json\/wp\/v2\/media?parent=564"}],"curies":[{"name":"wp","href":"https:\/\/api.w.org\/{rel}","templated":true}]}}