{"id":66,"date":"2017-04-28T06:47:04","date_gmt":"2017-04-28T06:47:04","guid":{"rendered":"http:\/\/koleg.io\/si\/?page_id=66"},"modified":"2020-03-05T10:21:31","modified_gmt":"2020-03-05T09:21:31","slug":"pomoc","status":"publish","type":"page","link":"https:\/\/koleg.io\/si\/pomoc\/","title":{"rendered":"Pomo\u010d"},"content":{"rendered":"<section class=\"utterb_section_ub left_aligned\" style=\"padding-top:0px;border-style:solid;border-color:#777777;\"><div class=\"utterb_section_content\"><div class=\"utterb_row_ub \"><div class=\"utterb_container container\"><div class=\"utterb_column_ub utterb_column_ub_span12 left_aligned\" style=\"border-top:1px;padding-top:70px;border-style:solid;border-color:#e7e6e6;\"><h2  class=\"utterb_heading clear \" >Pomo\u010d<\/h2><div  class=\"utterb_text_element clear \" style=\"margin-bottom:60px;\" >\n<p>&nbsp;<\/p>\n<p class=\"p_ub\"><strong>Te\u017eave z prijavo<\/strong><\/p>\n<p class=\"p_ub\">\u010ce se ne morete prijaviti, poskusite z eno od naslednjih mo\u017enosti:<\/p>\n<ol>\n<li class=\"p_ub\">Preverite, ali ste pravilno vnesli e-po\u0161tni naslov<\/li>\n<li>Osve\u017eite spletno stran<\/li>\n<li class=\"p_ub\">Geslo zamenjajte s klikom na &#8220;Ste pozabili geslo?&#8221; povezavo v oknu za prijavo<\/li>\n<li class=\"p_ub\">Kontaktirajte nas preko spletnega obrazca ali na info@koleg.io<\/li>\n<\/ol>\n<p>&nbsp;<\/p>\n<p class=\"p_ub\"><strong>Kako verificirati moj \u0161tudentski status?<br \/>\n<\/strong><br \/>\nMo\u017enost &#8220;<strong>Verifikacija<\/strong>&#8220;<strong>\u00a0<\/strong>se prika\u017ee v meniju spletne strani po registraciji in prijavi.<\/p>\n<p>&nbsp;<\/p>\n<p class=\"p_ub\"><strong>Kako unov\u010diti \u0161tudentski popust online?<br \/>\n<\/strong><br \/>\nS klikom na &#8220;Unov\u010di online&#8221; gumb, uporabnik razkrije kodo, ki se jo lahko vnese na blagajni spletne trgovine na\u0161ega partnerja.<\/p>\n<p>&nbsp;<\/p>\n<p><strong>Ali uporaba spletne strani Kolegio zahteva pla\u010dilo \u010dlanarine?<\/strong><\/p>\n<p>Ne. Registracija in uporaba spletne strani Koleg.io je 100% brezpla\u010dna.<\/p>\n<p>&nbsp;<\/p>\n<p><strong>Kdo lahko uporablja Kolegio?<\/strong><\/p>\n<p>Uporaba spletnega mesta je na voljo vsem <strong>rednim<\/strong> in <strong>izrednim<\/strong> dodiplomskim in podiplomskim \u0161tudentom v Sloveniji.\u00a0Vsi \u0161tudenti na <strong>zasebnih<\/strong> ali <strong>javnih<\/strong> \u0161olah lahko uporabljajo Kolegio.<\/p>\n<p>&nbsp;<\/p>\n<p><strong>Kako izbrisati svoj profil?<\/strong><\/p>\n<p>\u010ce \u017eelite izbrisati svoj profil, nas kontaktirajte preko spletnega obrazca ali na info@koleg.io. Na\u0161a tehni\u010dna slu\u017eba bo na va\u0161o zahtevo izbrisala va\u0161 profil.<\/p>\n<p>&nbsp;<\/p>\n<p><strong>Za poslovne poizvedbe se obrnite na info@koleg.io<\/strong><\/p>\n<p>&nbsp;<\/p>\n<p><strong>\u010ce imate te\u017eave z registracijo, verifikacijo ali potrebujete kak\u0161no drugo pomo\u010d , po\u0161ljite poizvedbo preko obrazca:<\/strong><\/p>\n<\/div><div role=\"form\" class=\"wpcf7\" id=\"wpcf7-f105-o1\" lang=\"en-US\" dir=\"ltr\">\n<div class=\"screen-reader-response\"><\/div>\n<form action=\"\/si\/wp-json\/wp\/v2\/pages\/66#wpcf7-f105-o1\" method=\"post\" class=\"wpcf7-form\" novalidate=\"novalidate\">\n<div style=\"display: none;\">\n<input type=\"hidden\" name=\"_wpcf7\" value=\"105\" \/>\n<input type=\"hidden\" name=\"_wpcf7_version\" value=\"4.7\" \/>\n<input type=\"hidden\" name=\"_wpcf7_locale\" value=\"en_US\" \/>\n<input type=\"hidden\" name=\"_wpcf7_unit_tag\" value=\"wpcf7-f105-o1\" \/>\n<input type=\"hidden\" name=\"_wpnonce\" value=\"df6fcf94ad\" \/>\n<\/div>\n<p><label> Va\u0161e ime<br \/>\n    <span class=\"wpcf7-form-control-wrap your-name\"><input type=\"text\" name=\"your-name\" value=\"\" size=\"40\" class=\"wpcf7-form-control wpcf7-text wpcf7-validates-as-required\" aria-required=\"true\" aria-invalid=\"false\" \/><\/span> <\/label><\/p>\n<p><label> Va\u0161 e-po\u0161tni naslov<br \/>\n    <span class=\"wpcf7-form-control-wrap your-email\"><input type=\"email\" name=\"your-email\" value=\"\" size=\"40\" class=\"wpcf7-form-control wpcf7-text wpcf7-email wpcf7-validates-as-required wpcf7-validates-as-email\" aria-required=\"true\" aria-invalid=\"false\" \/><\/span> <\/label><\/p>\n<p><label> Predmet sporo\u010dila<br \/>\n    <span class=\"wpcf7-form-control-wrap your-subject\"><input type=\"text\" name=\"your-subject\" value=\"\" size=\"40\" class=\"wpcf7-form-control wpcf7-text\" aria-invalid=\"false\" \/><\/span> <\/label><\/p>\n<p><label> Va\u0161e sporo\u010dilo<br \/>\n    <span class=\"wpcf7-form-control-wrap your-message\"><textarea name=\"your-message\" cols=\"40\" rows=\"10\" class=\"wpcf7-form-control wpcf7-textarea\" aria-invalid=\"false\"><\/textarea><\/span> <\/label><\/p>\n<p><input type=\"submit\" value=\"Po\u0161lji\" class=\"wpcf7-form-control wpcf7-submit\" \/><\/p>\n<div class=\"wpcf7-response-output wpcf7-display-none\"><\/div><\/form><\/div><\/div><\/div><\/div><\/div><\/section>\n<p>&nbsp;<\/p>\n","protected":false},"excerpt":{"rendered":"<p>&nbsp;<\/p>\n","protected":false},"author":1,"featured_media":0,"parent":0,"menu_order":0,"comment_status":"closed","ping_status":"closed","template":"","meta":[],"_links":{"self":[{"href":"https:\/\/koleg.io\/si\/wp-json\/wp\/v2\/pages\/66"}],"collection":[{"href":"https:\/\/koleg.io\/si\/wp-json\/wp\/v2\/pages"}],"about":[{"href":"https:\/\/koleg.io\/si\/wp-json\/wp\/v2\/types\/page"}],"author":[{"embeddable":true,"href":"https:\/\/koleg.io\/si\/wp-json\/wp\/v2\/users\/1"}],"replies":[{"embeddable":true,"href":"https:\/\/koleg.io\/si\/wp-json\/wp\/v2\/comments?post=66"}],"version-history":[{"count":16,"href":"https:\/\/koleg.io\/si\/wp-json\/wp\/v2\/pages\/66\/revisions"}],"predecessor-version":[{"id":240680,"href":"https:\/\/koleg.io\/si\/wp-json\/wp\/v2\/pages\/66\/revisions\/240680"}],"wp:attachment":[{"href":"https:\/\/koleg.io\/si\/wp-json\/wp\/v2\/media?parent=66"}],"curies":[{"name":"wp","href":"https:\/\/api.w.org\/{rel}","templated":true}]}}