{"id":97814,"date":"2018-05-26T16:49:45","date_gmt":"2018-05-26T15:49:45","guid":{"rendered":"https:\/\/koleg.io\/si\/?page_id=97814"},"modified":"2019-11-05T17:59:36","modified_gmt":"2019-11-05T16:59:36","slug":"o-nas","status":"publish","type":"page","link":"https:\/\/koleg.io\/si\/o-nas\/","title":{"rendered":"O nas"},"content":{"rendered":"<section class=\"utterb_section_ub left_aligned\"><div class=\"utterb_section_content\"><div class=\"utterb_row_ub \"><div class=\"utterb_container\"><div class=\"utterb_column_ub utterb_column_ub_span12 left_aligned\" style=\"border-style:none;\"><div  class=\"utterb_divider utterb_divider_default clear \" style=\"\" ><\/div><\/div><\/div><\/div><\/div><\/section>\n<p style=\"text-align: center;\"><strong>O nas<\/strong><\/p>\n<p style=\"text-align: center;\">Kolegio je spletna platforma za \u0161tudentske popuste.<\/p>\n<p style=\"text-align: center;\">Registracija in uporaba je 100% brezpla\u010dna in na voljo vsem \u0161tudentom v Sloveniji.<\/p>\n<p style=\"text-align: center;\">\u010ce \u017eelite unov\u010diti popust online, se morate le registrirati, v nekaj sekundah na na\u0161i spletni strani potrditi va\u0161 status \u0161tudenta in razkriti kodo, ki jo lahko vnesete na blagajni spletne trgovine na\u0161ega partnerja. Zelo preprosto, kajne? \ud83d\ude42<\/p>\n<p style=\"text-align: center;\">Kaj \u0161e \u010daka\u0161? Pridru\u017ei se nam!<\/p>\n<p style=\"text-align: center;\"><a href=\"https:\/\/www.zicer.hr\/eng\/Members\/Companies-and-teams\/KOLEGIO-d.o.o\"><img loading=\"lazy\" class=\"alignnone wp-image-106336 size-full\" src=\"https:\/\/koleg.io\/si\/wp-content\/uploads\/2018\/12\/zic.png\" alt=\"\" width=\"141\" height=\"66\" \/><\/a><\/p>\n<p>&nbsp;<\/p>\n<p style=\"text-align: center;\">Za poslovna vpra\u0161anja se obrnite na<strong> info@koleg.io<\/strong><\/p>\n<p>&nbsp;<\/p>\n<p>&nbsp;<\/p>\n<p>&nbsp;<\/p>\n<p>&nbsp;<\/p>\n<p>&nbsp;<\/p>\n","protected":false},"excerpt":{"rendered":"<p>O nas Kolegio je spletna platforma za \u0161tudentske popuste. Registracija in uporaba je 100% brezpla\u010dna in na voljo vsem \u0161tudentom v Sloveniji. \u010ce \u017eelite unov\u010diti popust online, se morate le registrirati, v nekaj sekundah na na\u0161i spletni strani potrditi va\u0161 status \u0161tudenta in razkriti kodo, ki jo lahko vnesete na blagajni spletne trgovine na\u0161ega partnerja. Zelo preprosto, kajne? \ud83d\ude42 Kaj \u0161e \u010daka\u0161? Pridru\u017ei se nam! &nbsp; Za poslovna vpra\u0161anja se obrnite na info@koleg.io &nbsp; &nbsp; [&hellip;]<\/p>\n","protected":false},"author":4,"featured_media":0,"parent":0,"menu_order":0,"comment_status":"closed","ping_status":"closed","template":"","meta":[],"_links":{"self":[{"href":"https:\/\/koleg.io\/si\/wp-json\/wp\/v2\/pages\/97814"}],"collection":[{"href":"https:\/\/koleg.io\/si\/wp-json\/wp\/v2\/pages"}],"about":[{"href":"https:\/\/koleg.io\/si\/wp-json\/wp\/v2\/types\/page"}],"author":[{"embeddable":true,"href":"https:\/\/koleg.io\/si\/wp-json\/wp\/v2\/users\/4"}],"replies":[{"embeddable":true,"href":"https:\/\/koleg.io\/si\/wp-json\/wp\/v2\/comments?post=97814"}],"version-history":[{"count":4,"href":"https:\/\/koleg.io\/si\/wp-json\/wp\/v2\/pages\/97814\/revisions"}],"predecessor-version":[{"id":241627,"href":"https:\/\/koleg.io\/si\/wp-json\/wp\/v2\/pages\/97814\/revisions\/241627"}],"wp:attachment":[{"href":"https:\/\/koleg.io\/si\/wp-json\/wp\/v2\/media?parent=97814"}],"curies":[{"name":"wp","href":"https:\/\/api.w.org\/{rel}","templated":true}]}}